{"id":2,"date":"2018-03-20T12:55:30","date_gmt":"2018-03-20T12:55:30","guid":{"rendered":"http:\/\/www.esprit-du-nil.com\/?page_id=2"},"modified":"2020-05-04T14:38:22","modified_gmt":"2020-05-04T14:38:22","slug":"sample-page","status":"publish","type":"page","link":"https:\/\/www.esprit-du-nil.com\/","title":{"rendered":"Spektrum"},"content":{"rendered":"<p>Moderne Technologien und Kommunikationsmittel erlauben in einer globalisierten Welt Einkauf und Vertrieb kosteng\u00fcnstig und effizient zu gestalten. Die M\u00f6glichkeit Waren direkt vom Produzenten zu erwerben bietet die Chance Produktportfolio und Qualit\u00e4t dynamisch zu verbessern und neue Wege zu beschreiten. Einkauf und Vertrieb in globalen Netzen setzen allerdings effiziente Kontrollmechanismen und Transparenz voraus um den Warenverkehr zuverl\u00e4ssig absichern.<\/p>\n<p>Die Konzeption des Im-und Exportunternehmens Esprit du Nil basiert auf dem Prinzip Vertrauen und Sicherheit vor Ort zu garantieren. Gegr\u00fcndet von den Gebr\u00fcdern El-Massry, beide mit \u00e4gyptisch-deutschem Familienhintergrund, unterh\u00e4lt Esprit du Nil zu diesem Zweck eine Niederlassung in St. Ingbert (Deutschland) und eine weitere Niederlassung in Kairo (\u00c4gypten). Alle Mitarbeiter arbeiten kontinuierlich daran Ihre W\u00fcnsche und Vorstellungen optimal umzusetzen und damit Ihre Investition optimal abzusichern. In allen Niederlassungen wird fliessend Deutsch, Englisch und Arabisch gesprochen.<\/p>\n<p>Esprit du Nil bietet neben dem klassischen Warenimport auch professionelle Import Management Services an, bei der die Firma Esprit du Nil den gesamten Warenweg von Ankauf, Labortest, Lagerung, Abpackung, Transport und Anlieferung komplett \u00fcbernimmt und aus einer Hand kontrolliert. Im Einzelnen unterst\u00fctzen wir Sie durch:<\/p>\n<ul>\n<li>Umfangreiche Marktanalyse und Preis\u00fcbersicht \u00e4gyptischer Waren und Qualit\u00e4ten<\/li>\n<li>Massnahmen zur Qualit\u00e4tssicherung, Durchf\u00fchrung von Probeentnahmen und Labortests<\/li>\n<li>Absicherung, dass es sich um 100% Ware mit dem deklarierten Ursprung handelt und keine Mischung mit Fremdqualit\u00e4ten vorliegt<\/li>\n<li>Abpackung, Lagerung und Transport nach Ihren Vorstellungen und Timing<\/li>\n<\/ul>\n","protected":false},"excerpt":{"rendered":"<p>Moderne Technologien und Kommunikationsmittel erlauben in einer globalisierten Welt Einkauf und Vertrieb kosteng\u00fcnstig und effizient zu gestalten. Die M\u00f6glichkeit Waren direkt vom Produzenten zu erwerben bietet die Chance Produktportfolio und Qualit\u00e4t dynamisch zu verbessern und neue Wege zu beschreiten. Einkauf und Vertrieb in globalen Netzen setzen allerdings effiziente Kontrollmechanismen und Transparenz voraus um den Warenverkehr &hellip; <a href=\"https:\/\/www.esprit-du-nil.com\/\" class=\"more-link\">Continue reading <span class=\"screen-reader-text\">Spektrum<\/span> <span class=\"meta-nav\">&rarr;<\/span><\/a><\/p>\n","protected":false},"author":1,"featured_media":0,"parent":0,"menu_order":0,"comment_status":"closed","ping_status":"open","template":"","meta":[],"_links":{"self":[{"href":"https:\/\/www.esprit-du-nil.com\/index.php?rest_route=\/wp\/v2\/pages\/2"}],"collection":[{"href":"https:\/\/www.esprit-du-nil.com\/index.php?rest_route=\/wp\/v2\/pages"}],"about":[{"href":"https:\/\/www.esprit-du-nil.com\/index.php?rest_route=\/wp\/v2\/types\/page"}],"author":[{"embeddable":true,"href":"https:\/\/www.esprit-du-nil.com\/index.php?rest_route=\/wp\/v2\/users\/1"}],"replies":[{"embeddable":true,"href":"https:\/\/www.esprit-du-nil.com\/index.php?rest_route=%2Fwp%2Fv2%2Fcomments&post=2"}],"version-history":[{"count":7,"href":"https:\/\/www.esprit-du-nil.com\/index.php?rest_route=\/wp\/v2\/pages\/2\/revisions"}],"predecessor-version":[{"id":64,"href":"https:\/\/www.esprit-du-nil.com\/index.php?rest_route=\/wp\/v2\/pages\/2\/revisions\/64"}],"wp:attachment":[{"href":"https:\/\/www.esprit-du-nil.com\/index.php?rest_route=%2Fwp%2Fv2%2Fmedia&parent=2"}],"curies":[{"name":"wp","href":"https:\/\/api.w.org\/{rel}","templated":true}]}}